{"id":11292,"date":"2025-05-20T14:11:00","date_gmt":"2025-05-20T14:11:00","guid":{"rendered":"https:\/\/www.roomconnectps.de\/?page_id=11292"},"modified":"2025-05-27T16:04:21","modified_gmt":"2025-05-27T16:04:21","slug":"datenschutzerklarung","status":"publish","type":"page","link":"https:\/\/roomconnect.de\/en\/datenschutzerklarung\/","title":{"rendered":"Privacy Policy"},"content":{"rendered":"<div data-elementor-type=\"wp-page\" data-elementor-id=\"11292\" class=\"elementor elementor-11292\" data-elementor-post-type=\"page\">\n\t\t\t\t<div class=\"elementor-element elementor-element-t1v5iz6 e-flex e-con-boxed e-con e-parent\" data-id=\"t1v5iz6\" data-element_type=\"container\" data-e-type=\"container\" data-settings=\"{&quot;background_background&quot;:&quot;classic&quot;}\">\n\t\t\t\t\t<div class=\"e-con-inner\">\n\t\t<div class=\"elementor-element elementor-element-d2cacce e-con-full e-flex e-con e-child\" data-id=\"d2cacce\" data-element_type=\"container\" data-e-type=\"container\">\n\t\t\t\t<div class=\"elementor-element elementor-element-cb7ca67 elementor-widget elementor-widget-heading\" data-id=\"cb7ca67\" data-element_type=\"widget\" data-e-type=\"widget\" data-widget_type=\"heading.default\">\n\t\t\t\t<div class=\"elementor-widget-container\">\n\t\t\t\t\t<h1 class=\"elementor-heading-title elementor-size-default\">Privacy Policy<\/h1>\t\t\t\t<\/div>\n\t\t\t\t<\/div>\n\t\t\t\t<\/div>\n\t\t<div class=\"elementor-element elementor-element-5e71628 e-con-full e-flex e-con e-child\" data-id=\"5e71628\" data-element_type=\"container\" data-e-type=\"container\">\n\t\t\t\t<\/div>\n\t\t\t\t\t<\/div>\n\t\t\t\t<\/div>\n\t\t<div class=\"elementor-element elementor-element-m5zs6l5 e-flex e-con-boxed e-con e-parent\" data-id=\"m5zs6l5\" data-element_type=\"container\" data-e-type=\"container\">\n\t\t\t\t\t<div class=\"e-con-inner\">\n\t\t<div class=\"elementor-element elementor-element-0eb1e80 e-con-full e-flex e-con e-child\" data-id=\"0eb1e80\" data-element_type=\"container\" data-e-type=\"container\">\n\t\t\t\t<div class=\"elementor-element elementor-element-80e5c05 elementor-widget elementor-widget-text-editor\" data-id=\"80e5c05\" data-element_type=\"widget\" data-e-type=\"widget\" data-widget_type=\"text-editor.default\">\n\t\t\t\t<div class=\"elementor-widget-container\">\n\t\t\t\t\t\t\t\t\t<p>Privacy Policy<\/p><p>1.\u2060 \u2060Verantwortlicher<\/p><p>Room Connect PS GmbH &amp; Co. KG<br \/>An der Steinstra\u00dfe 13<br \/>55499 Riesweiler<br \/>Deutschland<br \/>E-Mail: info@roomconnect.de<br \/>Telefon: 06761 \/ 9128684<\/p><p>Vertreten durch:<br \/>Room Connect PS Verwaltungs-GmbH<br \/>Registergericht: Amtsgericht Bad Kreuznach<br \/>HRB 23928<br \/>Gesch\u00e4ftsf\u00fchrerin: Rita Pani<\/p><p>\u2e3b<\/p><p>2.\u2060 \u2060Hosting<\/p><p>Unsere Website wird bei der Dogado GmbH gehostet. Die Verarbeitung der Daten erfolgt auf Grundlage eines Auftragsverarbeitungsvertrags gem\u00e4\u00df Art. 28 DSGVO.<br \/>Weitere Informationen zum Datenschutz bei Dogado: https:\/\/www.dogado.de\/datenschutz\/<\/p><p>\u2e3b<\/p><p>3.\u2060 \u2060Erhebung und Verarbeitung personenbezogener Daten<\/p><p>a) Kontaktformular<br \/>Wenn Sie uns \u00fcber das Kontaktformular kontaktieren, erheben wir folgende personenbezogene Daten:<br \/>\u2022 Vorname, Nachname<br \/>\u2022 E-Mail-Adresse<br \/>\u2022 Telefonnummer<br \/>\u2022 Postanschrift<br \/>\u2022 Nachricht an Vermieter<br \/>\u2022 Check-in-Datum<br \/>\u2022 Rechnungsadresse<\/p><p>Diese Daten werden zur Bearbeitung Ihrer Anfrage sowie zur Vorbereitung und ggf. Durchf\u00fchrung einer Buchung verarbeitet (Art. 6 Abs. 1 lit. b DSGVO). Ohne diese Angaben k\u00f6nnen wir Ihre Anfrage nicht bearbeiten.<\/p><p>Die Daten werden vertraulich behandelt und nicht an Dritte weitergegeben, es sei denn, dies ist zur Vertragsdurchf\u00fchrung erforderlich.<\/p><p>\u2e3b<\/p><p>4.\u2060 \u2060Buchungssoftware (Smoobu)<\/p><p>F\u00fcr die Verwaltung und Abwicklung von Buchungen nutzen wir die Softwarel\u00f6sung Smoobu (Anbieter: Smoobu GmbH, W\u00f6nnichstr. 68\/70, 10317 Berlin).<br \/>Bei Nutzung der Buchungsmaske auf unserer Website werden personenbezogene Daten direkt durch Smoobu verarbeitet.<\/p><p>Die Verarbeitung erfolgt gem\u00e4\u00df Art. 6 Abs. 1 lit. b DSGVO zur Erf\u00fcllung eines Vertrages bzw. zur Durchf\u00fchrung vorvertraglicher Ma\u00dfnahmen.<\/p><p>Smoobu ist Auftragsverarbeiter gem\u00e4\u00df Art. 28 DSGVO. Weitere Informationen zum Datenschutz finden Sie unter:<br \/>https:\/\/www.smoobu.com\/de\/datenschutz\/<\/p><p>\u2e3b<\/p><p>5.\u2060 \u2060Ihre Rechte<\/p><p>Sie haben das Recht:<br \/>\u2022 gem\u00e4\u00df Art. 15 DSGVO Auskunft \u00fcber Ihre gespeicherten Daten zu erhalten<br \/>\u2022 gem\u00e4\u00df Art. 16 DSGVO Berichtigung unrichtiger oder Vervollst\u00e4ndigung Ihrer gespeicherten Daten zu verlangen<br \/>\u2022 gem\u00e4\u00df Art. 17 DSGVO L\u00f6schung Ihrer Daten zu verlangen, soweit keine gesetzlichen Aufbewahrungspflichten bestehen<br \/>\u2022 gem\u00e4\u00df Art. 18 DSGVO die Einschr\u00e4nkung der Verarbeitung zu verlangen<br \/>\u2022 gem\u00e4\u00df Art. 20 DSGVO Ihre Daten in einem strukturierten, g\u00e4ngigen und maschinenlesbaren Format zu erhalten (Daten\u00fcbertragbarkeit)<br \/>\u2022 gem\u00e4\u00df Art. 77 DSGVO Beschwerde bei einer Aufsichtsbeh\u00f6rde einzureichen<\/p><p>\u2e3b<\/p><p>6.\u2060 \u2060Widerspruchsrecht<\/p><p>Sofern Ihre Daten auf Grundlage von berechtigten Interessen gem\u00e4\u00df Art. 6 Abs. 1 lit. f DSGVO verarbeitet werden, haben Sie das Recht, aus Gr\u00fcnden, die sich aus Ihrer besonderen Situation ergeben, Widerspruch gegen die Verarbeitung einzulegen.<\/p><p>\u2e3b<\/p><p>7.\u2060 \u2060Sicherheit<\/p><p>Wir verwenden auf unserer Website SSL-Verschl\u00fcsselung (https), um Ihre Daten w\u00e4hrend der \u00dcbertragung zu sch\u00fctzen.<\/p><p>\u2e3b<\/p><p>8.\u2060 \u2060\u00c4nderungen dieser Datenschutzerkl\u00e4rung<\/p><p>Wir behalten uns vor, diese Datenschutzerkl\u00e4rung bei \u00c4nderungen der Rechtslage oder technischer \u00c4nderungen anzupassen. Die jeweils aktuelle Version finden Sie auf dieser Seite<\/p><p>9.\u2060 \u2060Cookies (Sitzungsdateien)<\/p><p>Unsere Website verwendet Cookies und \u00e4hnliche Technologien, um Ihnen die bestm\u00f6gliche Nutzungserfahrung zu bieten. Cookies sind kleine Textdateien, die auf Ihrem Endger\u00e4t gespeichert werden und Informationen \u00fcber Ihre Nutzung der Website enthalten.<\/p><p>Wir verwenden verschiedene Arten von Cookies:<br \/>\u2022 Notwendige Cookies: Diese sind f\u00fcr den Betrieb der Website unerl\u00e4sslich und k\u00f6nnen nicht deaktiviert werden.<br \/>\u2022 Statistik-Cookies: Diese helfen uns, die Nutzung der Website zu analysieren und zu verbessern (z. B. Google Analytics).<br \/>\u2022 Marketing-Cookies: Diese werden verwendet, um Ihnen personalisierte Werbung anzuzeigen.<\/p><p>Sie k\u00f6nnen Ihre Cookie-Einstellungen jederzeit in unserem Cookie-Banner anpassen oder in den Einstellungen Ihres Browsers verwalten. Das Deaktivieren von Cookies kann jedoch die Funktionalit\u00e4t der Website beeintr\u00e4chtigen.<\/p><p>Weitere Informationen zum Datenschutz und zur Verwendung von Cookies finden Sie in unserer Datenschutzerkl\u00e4rung.<\/p><p>\u00a0<\/p>\t\t\t\t\t\t\t\t<\/div>\n\t\t\t\t<\/div>\n\t\t\t\t<\/div>\n\t\t\t\t\t<\/div>\n\t\t\t\t<\/div>\n\t\t\t\t<\/div>","protected":false},"excerpt":{"rendered":"<p>Datenschutzerkl\u00e4rung Datenschutzerkl\u00e4rung 1.\u2060 \u2060Verantwortlicher Room Connect PS GmbH &amp; Co. KGAn der Steinstra\u00dfe 1355499 RiesweilerDeutschlandE-Mail: info@roomconnect.deTelefon: 06761 \/ 9128684 Vertreten durch:Room Connect PS Verwaltungs-GmbHRegistergericht: Amtsgericht Bad KreuznachHRB 23928Gesch\u00e4ftsf\u00fchrerin: Rita Pani \u2e3b 2.\u2060 \u2060Hosting Unsere Website wird bei der Dogado GmbH gehostet. Die Verarbeitung der Daten erfolgt auf Grundlage eines Auftragsverarbeitungsvertrags gem\u00e4\u00df Art. 28 DSGVO.Weitere Informationen [&hellip;]<\/p>\n","protected":false},"author":1,"featured_media":0,"parent":0,"menu_order":0,"comment_status":"closed","ping_status":"closed","template":"","meta":{"_seopress_robots_primary_cat":"","_seopress_titles_title":"","_seopress_titles_desc":"","_seopress_robots_index":"","_uag_custom_page_level_css":"","site-sidebar-layout":"no-sidebar","site-content-layout":"page-builder","ast-site-content-layout":"full-width-container","site-content-style":"default","site-sidebar-style":"default","ast-global-header-display":"","ast-banner-title-visibility":"","ast-main-header-display":"","ast-hfb-above-header-display":"","ast-hfb-below-header-display":"","ast-hfb-mobile-header-display":"","site-post-title":"disabled","ast-breadcrumbs-content":"","ast-featured-img":"disabled","footer-sml-layout":"","theme-transparent-header-meta":"","adv-header-id-meta":"","stick-header-meta":"","header-above-stick-meta":"","header-main-stick-meta":"","header-below-stick-meta":"","astra-migrate-meta-layouts":"default","ast-page-background-enabled":"default","ast-page-background-meta":{"desktop":{"background-color":"","background-image":"","background-repeat":"repeat","background-position":"center center","background-size":"auto","background-attachment":"scroll","background-type":"","background-media":"","overlay-type":"","overlay-color":"","overlay-opacity":"","overlay-gradient":""},"tablet":{"background-color":"","background-image":"","background-repeat":"repeat","background-position":"center center","background-size":"auto","background-attachment":"scroll","background-type":"","background-media":"","overlay-type":"","overlay-color":"","overlay-opacity":"","overlay-gradient":""},"mobile":{"background-color":"","background-image":"","background-repeat":"repeat","background-position":"center center","background-size":"auto","background-attachment":"scroll","background-type":"","background-media":"","overlay-type":"","overlay-color":"","overlay-opacity":"","overlay-gradient":""}},"ast-content-background-meta":{"desktop":{"background-color":"var(--ast-global-color-5)","background-image":"","background-repeat":"repeat","background-position":"center center","background-size":"auto","background-attachment":"scroll","background-type":"","background-media":"","overlay-type":"","overlay-color":"","overlay-opacity":"","overlay-gradient":""},"tablet":{"background-color":"var(--ast-global-color-5)","background-image":"","background-repeat":"repeat","background-position":"center center","background-size":"auto","background-attachment":"scroll","background-type":"","background-media":"","overlay-type":"","overlay-color":"","overlay-opacity":"","overlay-gradient":""},"mobile":{"background-color":"var(--ast-global-color-5)","background-image":"","background-repeat":"repeat","background-position":"center center","background-size":"auto","background-attachment":"scroll","background-type":"","background-media":"","overlay-type":"","overlay-color":"","overlay-opacity":"","overlay-gradient":""}},"footnotes":""},"class_list":["post-11292","page","type-page","status-publish","hentry"],"uagb_featured_image_src":{"full":false,"thumbnail":false,"medium":false,"medium_large":false,"large":false,"1536x1536":false,"2048x2048":false,"trp-custom-language-flag":false},"uagb_author_info":{"display_name":"roomconnect_wh4c6uli","author_link":"https:\/\/roomconnect.de\/en\/author\/roomconnect_wh4c6uli\/"},"uagb_comment_info":0,"uagb_excerpt":"Datenschutzerkl\u00e4rung Datenschutzerkl\u00e4rung 1.\u2060 \u2060Verantwortlicher Room Connect PS GmbH &amp; Co. KGAn der Steinstra\u00dfe 1355499 RiesweilerDeutschlandE-Mail: info@roomconnect.deTelefon: 06761 \/ 9128684 Vertreten durch:Room Connect PS Verwaltungs-GmbHRegistergericht: Amtsgericht Bad KreuznachHRB 23928Gesch\u00e4ftsf\u00fchrerin: Rita Pani \u2e3b 2.\u2060 \u2060Hosting Unsere Website wird bei der Dogado GmbH gehostet. Die Verarbeitung der Daten erfolgt auf Grundlage eines Auftragsverarbeitungsvertrags gem\u00e4\u00df Art. 28 DSGVO.Weitere Informationen&hellip;","_links":{"self":[{"href":"https:\/\/roomconnect.de\/en\/wp-json\/wp\/v2\/pages\/11292","targetHints":{"allow":["GET"]}}],"collection":[{"href":"https:\/\/roomconnect.de\/en\/wp-json\/wp\/v2\/pages"}],"about":[{"href":"https:\/\/roomconnect.de\/en\/wp-json\/wp\/v2\/types\/page"}],"author":[{"embeddable":true,"href":"https:\/\/roomconnect.de\/en\/wp-json\/wp\/v2\/users\/1"}],"replies":[{"embeddable":true,"href":"https:\/\/roomconnect.de\/en\/wp-json\/wp\/v2\/comments?post=11292"}],"version-history":[{"count":6,"href":"https:\/\/roomconnect.de\/en\/wp-json\/wp\/v2\/pages\/11292\/revisions"}],"predecessor-version":[{"id":11984,"href":"https:\/\/roomconnect.de\/en\/wp-json\/wp\/v2\/pages\/11292\/revisions\/11984"}],"wp:attachment":[{"href":"https:\/\/roomconnect.de\/en\/wp-json\/wp\/v2\/media?parent=11292"}],"curies":[{"name":"wp","href":"https:\/\/api.w.org\/{rel}","templated":true}]}}