{"id":10934,"date":"2025-05-19T10:43:24","date_gmt":"2025-05-19T10:43:24","guid":{"rendered":"https:\/\/www.roomconnectps.de\/?page_id=10934"},"modified":"2025-05-29T20:05:33","modified_gmt":"2025-05-29T20:05:33","slug":"uber-uns","status":"publish","type":"page","link":"https:\/\/roomconnect.de\/en\/uber-uns\/","title":{"rendered":"About us"},"content":{"rendered":"<div data-elementor-type=\"wp-page\" data-elementor-id=\"10934\" class=\"elementor elementor-10934\" data-elementor-post-type=\"page\">\n\t\t\t\t<div class=\"elementor-element elementor-element-au6kqby e-flex e-con-boxed e-con e-parent\" data-id=\"au6kqby\" data-element_type=\"container\" data-e-type=\"container\" data-settings=\"{&quot;background_background&quot;:&quot;classic&quot;}\">\n\t\t\t\t\t<div class=\"e-con-inner\">\n\t\t<div class=\"elementor-element elementor-element-d2cacce e-con-full e-flex e-con e-child\" data-id=\"d2cacce\" data-element_type=\"container\" data-e-type=\"container\">\n\t\t\t\t<div class=\"elementor-element elementor-element-cb7ca67 elementor-widget elementor-widget-heading\" data-id=\"cb7ca67\" data-element_type=\"widget\" data-e-type=\"widget\" data-widget_type=\"heading.default\">\n\t\t\t\t<div class=\"elementor-widget-container\">\n\t\t\t\t\t<h1 class=\"elementor-heading-title elementor-size-default\">Room Connect PS\n\n<\/h1>\t\t\t\t<\/div>\n\t\t\t\t<\/div>\n\t\t\t\t<div class=\"elementor-element elementor-element-7c89a77 elementor-widget elementor-widget-heading\" data-id=\"7c89a77\" data-element_type=\"widget\" data-e-type=\"widget\" data-widget_type=\"heading.default\">\n\t\t\t\t<div class=\"elementor-widget-container\">\n\t\t\t\t\t<h2 class=\"elementor-heading-title elementor-size-default\">More than a place to stay.<\/h2>\t\t\t\t<\/div>\n\t\t\t\t<\/div>\n\t\t\t\t<\/div>\n\t\t<div class=\"elementor-element elementor-element-5e71628 e-con-full e-flex e-con e-child\" data-id=\"5e71628\" data-element_type=\"container\" data-e-type=\"container\">\n\t\t\t\t<div class=\"elementor-element elementor-element-343aeb4 elementor-widget elementor-widget-text-editor\" data-id=\"343aeb4\" data-element_type=\"widget\" data-e-type=\"widget\" data-widget_type=\"text-editor.default\">\n\t\t\t\t<div class=\"elementor-widget-container\">\n\t\t\t\t\t\t\t\t\t<p>Mehr als nur R\u00e4te<\/p>\t\t\t\t\t\t\t\t<\/div>\n\t\t\t\t<\/div>\n\t\t\t\t<\/div>\n\t\t\t\t\t<\/div>\n\t\t\t\t<\/div>\n\t\t<div class=\"elementor-element elementor-element-38phgsk e-flex e-con-boxed e-con e-parent\" data-id=\"38phgsk\" data-element_type=\"container\" data-e-type=\"container\">\n\t\t\t\t\t<div class=\"e-con-inner\">\n\t\t<div class=\"elementor-element elementor-element-0eb1e80 e-con-full e-flex e-con e-child\" data-id=\"0eb1e80\" data-element_type=\"container\" data-e-type=\"container\">\n\t\t\t\t<div class=\"elementor-element elementor-element-da04574 elementor-widget elementor-widget-heading\" data-id=\"da04574\" data-element_type=\"widget\" data-e-type=\"widget\" data-widget_type=\"heading.default\">\n\t\t\t\t<div class=\"elementor-widget-container\">\n\t\t\t\t\t<h2 class=\"elementor-heading-title elementor-size-default\">Your partner for comfort and organization<\/h2>\t\t\t\t<\/div>\n\t\t\t\t<\/div>\n\t\t<div class=\"elementor-element elementor-element-f33455a e-con-full e-flex e-con e-child\" data-id=\"f33455a\" data-element_type=\"container\" data-e-type=\"container\">\n\t\t<div class=\"elementor-element elementor-element-38dbd7e e-con-full e-flex e-con e-child\" data-id=\"38dbd7e\" data-element_type=\"container\" data-e-type=\"container\">\n\t\t\t\t<div class=\"elementor-element elementor-element-4982590 elementor-widget elementor-widget-image\" data-id=\"4982590\" data-element_type=\"widget\" data-e-type=\"widget\" data-widget_type=\"image.default\">\n\t\t\t\t<div class=\"elementor-widget-container\">\n\t\t\t\t\t\t\t\t\t\t\t\t\t\t\t<img fetchpriority=\"high\" decoding=\"async\" width=\"1179\" height=\"1353\" src=\"https:\/\/roomconnect.de\/wp-content\/uploads\/2025\/05\/PHOTO-2025-05-19-14-59-34.jpg\" class=\"attachment-full size-full wp-image-11024\" alt=\"Ryanair training\" srcset=\"https:\/\/roomconnect.de\/wp-content\/uploads\/2025\/05\/PHOTO-2025-05-19-14-59-34.jpg 1179w, https:\/\/roomconnect.de\/wp-content\/uploads\/2025\/05\/PHOTO-2025-05-19-14-59-34-261x300.jpg 261w, https:\/\/roomconnect.de\/wp-content\/uploads\/2025\/05\/PHOTO-2025-05-19-14-59-34-892x1024.jpg 892w, https:\/\/roomconnect.de\/wp-content\/uploads\/2025\/05\/PHOTO-2025-05-19-14-59-34-768x881.jpg 768w\" sizes=\"(max-width: 1179px) 100vw, 1179px\" \/>\t\t\t\t\t\t\t\t\t\t\t\t\t\t\t<\/div>\n\t\t\t\t<\/div>\n\t\t\t\t<\/div>\n\t\t<div class=\"elementor-element elementor-element-40886e6 e-con-full e-flex e-con e-child\" data-id=\"40886e6\" data-element_type=\"container\" data-e-type=\"container\">\n\t\t\t\t<div class=\"elementor-element elementor-element-b3c40dd elementor-widget elementor-widget-heading\" data-id=\"b3c40dd\" data-element_type=\"widget\" data-e-type=\"widget\" data-widget_type=\"heading.default\">\n\t\t\t\t<div class=\"elementor-widget-container\">\n\t\t\t\t\t<h3 class=\"elementor-heading-title elementor-size-default\">The Beginning \u2013 Our Story <\/h3>\t\t\t\t<\/div>\n\t\t\t\t<\/div>\n\t\t\t\t<div class=\"elementor-element elementor-element-19411f6 elementor-widget elementor-widget-text-editor\" data-id=\"19411f6\" data-element_type=\"widget\" data-e-type=\"widget\" data-widget_type=\"text-editor.default\">\n\t\t\t\t<div class=\"elementor-widget-container\">\n\t\t\t\t\t\t\t\t\t<p>Our journey began in 2015 at Hahn Airport. Back then, we started by accommodating future Ryanair employees on behalf of the training company Crewlink.<br \/>These initial experiences laid the foundation for our current company structure.\u00a0<\/p>\t\t\t\t\t\t\t\t<\/div>\n\t\t\t\t<\/div>\n\t\t\t\t<\/div>\n\t\t\t\t<\/div>\n\t\t<div class=\"elementor-element elementor-element-59b6fe9 e-con-full e-flex e-con e-child\" data-id=\"59b6fe9\" data-element_type=\"container\" data-e-type=\"container\">\n\t\t<div class=\"elementor-element elementor-element-c3176f2 e-con-full e-flex e-con e-child\" data-id=\"c3176f2\" data-element_type=\"container\" data-e-type=\"container\">\n\t\t\t\t<div class=\"elementor-element elementor-element-9b222fb elementor-widget elementor-widget-heading\" data-id=\"9b222fb\" data-element_type=\"widget\" data-e-type=\"widget\" data-widget_type=\"heading.default\">\n\t\t\t\t<div class=\"elementor-widget-container\">\n\t\t\t\t\t<h3 class=\"elementor-heading-title elementor-size-default\">Comfortable accommodations in the Hunsr\u00fcck<\/h3>\t\t\t\t<\/div>\n\t\t\t\t<\/div>\n\t\t\t\t<div class=\"elementor-element elementor-element-97e2bb1 elementor-widget elementor-widget-text-editor\" data-id=\"97e2bb1\" data-element_type=\"widget\" data-e-type=\"widget\" data-widget_type=\"text-editor.default\">\n\t\t\t\t<div class=\"elementor-widget-container\">\n\t\t\t\t\t\t\t\t\t<p>Today, we rent fully equipped apartments around Simmern, Rhaunen, and Hahn Airport.<br \/>Unsere Unterk\u00fcnfte bieten Komfort, Flexibilit\u00e4t und eine angenehme Atmosph\u00e4re \u2013 ideal f\u00fcr Gesch\u00e4ftsreisende und Urlauber.\u00a0<\/p>\t\t\t\t\t\t\t\t<\/div>\n\t\t\t\t<\/div>\n\t\t\t\t<\/div>\n\t\t<div class=\"elementor-element elementor-element-15c4d5a e-con-full e-flex e-con e-child\" data-id=\"15c4d5a\" data-element_type=\"container\" data-e-type=\"container\">\n\t\t\t\t<div class=\"elementor-element elementor-element-d7f6a12 elementor-widget elementor-widget-image\" data-id=\"d7f6a12\" data-element_type=\"widget\" data-e-type=\"widget\" data-widget_type=\"image.default\">\n\t\t\t\t<div class=\"elementor-widget-container\">\n\t\t\t\t\t\t\t\t\t\t\t\t\t\t\t<img alt=\"\" decoding=\"async\" width=\"1600\" height=\"1200\" src=\"https:\/\/roomconnect.de\/wp-content\/uploads\/2025\/05\/WhatsApp-Image-2025-05-14-at-19.43.07-1.jpeg\" class=\"attachment-full size-full wp-image-10808\" srcset=\"https:\/\/roomconnect.de\/wp-content\/uploads\/2025\/05\/WhatsApp-Image-2025-05-14-at-19.43.07-1.jpeg 1600w, https:\/\/roomconnect.de\/wp-content\/uploads\/2025\/05\/WhatsApp-Image-2025-05-14-at-19.43.07-1-300x225.jpeg 300w, https:\/\/roomconnect.de\/wp-content\/uploads\/2025\/05\/WhatsApp-Image-2025-05-14-at-19.43.07-1-1024x768.jpeg 1024w, https:\/\/roomconnect.de\/wp-content\/uploads\/2025\/05\/WhatsApp-Image-2025-05-14-at-19.43.07-1-768x576.jpeg 768w, https:\/\/roomconnect.de\/wp-content\/uploads\/2025\/05\/WhatsApp-Image-2025-05-14-at-19.43.07-1-1536x1152.jpeg 1536w\" sizes=\"(max-width: 1600px) 100vw, 1600px\" \/>\t\t\t\t\t\t\t\t\t\t\t\t\t\t\t<\/div>\n\t\t\t\t<\/div>\n\t\t\t\t<\/div>\n\t\t\t\t<\/div>\n\t\t<div class=\"elementor-element elementor-element-06b4718 e-con-full e-flex e-con e-child\" data-id=\"06b4718\" data-element_type=\"container\" data-e-type=\"container\">\n\t\t<div class=\"elementor-element elementor-element-0189c1a e-con-full e-flex e-con e-child\" data-id=\"0189c1a\" data-element_type=\"container\" data-e-type=\"container\">\n\t\t\t\t<div class=\"elementor-element elementor-element-c1b33b8 elementor-widget elementor-widget-image\" data-id=\"c1b33b8\" data-element_type=\"widget\" data-e-type=\"widget\" data-widget_type=\"image.default\">\n\t\t\t\t<div class=\"elementor-widget-container\">\n\t\t\t\t\t\t\t\t\t\t\t\t\t\t\t<img alt=\"\" decoding=\"async\" width=\"1280\" height=\"807\" src=\"https:\/\/roomconnect.de\/wp-content\/uploads\/2025\/05\/gf787ea33894c8de97675405253175caf4a5a78d05b611b8422bc534524d6424989b5b7571905cabc1dd6b8c3b2656fe522f6c5cafa14ae155016b9de4baa60a3_1280-3213924-1-1-1-1-1-1-1.jpg\" class=\"attachment-full size-full wp-image-7491\" srcset=\"https:\/\/roomconnect.de\/wp-content\/uploads\/2025\/05\/gf787ea33894c8de97675405253175caf4a5a78d05b611b8422bc534524d6424989b5b7571905cabc1dd6b8c3b2656fe522f6c5cafa14ae155016b9de4baa60a3_1280-3213924-1-1-1-1-1-1-1.jpg 1280w, https:\/\/roomconnect.de\/wp-content\/uploads\/2025\/05\/gf787ea33894c8de97675405253175caf4a5a78d05b611b8422bc534524d6424989b5b7571905cabc1dd6b8c3b2656fe522f6c5cafa14ae155016b9de4baa60a3_1280-3213924-1-1-1-1-1-1-1-300x189.jpg 300w, https:\/\/roomconnect.de\/wp-content\/uploads\/2025\/05\/gf787ea33894c8de97675405253175caf4a5a78d05b611b8422bc534524d6424989b5b7571905cabc1dd6b8c3b2656fe522f6c5cafa14ae155016b9de4baa60a3_1280-3213924-1-1-1-1-1-1-1-1024x646.jpg 1024w, https:\/\/roomconnect.de\/wp-content\/uploads\/2025\/05\/gf787ea33894c8de97675405253175caf4a5a78d05b611b8422bc534524d6424989b5b7571905cabc1dd6b8c3b2656fe522f6c5cafa14ae155016b9de4baa60a3_1280-3213924-1-1-1-1-1-1-1-768x484.jpg 768w\" sizes=\"(max-width: 1280px) 100vw, 1280px\" \/>\t\t\t\t\t\t\t\t\t\t\t\t\t\t\t<\/div>\n\t\t\t\t<\/div>\n\t\t\t\t<\/div>\n\t\t<div class=\"elementor-element elementor-element-81b90c8 e-con-full e-flex e-con e-child\" data-id=\"81b90c8\" data-element_type=\"container\" data-e-type=\"container\">\n\t\t\t\t<div class=\"elementor-element elementor-element-fc486aa elementor-widget elementor-widget-heading\" data-id=\"fc486aa\" data-element_type=\"widget\" data-e-type=\"widget\" data-widget_type=\"heading.default\">\n\t\t\t\t<div class=\"elementor-widget-container\">\n\t\t\t\t\t<h3 class=\"elementor-heading-title elementor-size-default\">International projects<\/h3>\t\t\t\t<\/div>\n\t\t\t\t<\/div>\n\t\t\t\t<div class=\"elementor-element elementor-element-ba8604d elementor-widget elementor-widget-text-editor\" data-id=\"ba8604d\" data-element_type=\"widget\" data-e-type=\"widget\" data-widget_type=\"text-editor.default\">\n\t\t\t\t<div class=\"elementor-widget-container\">\n\t\t\t\t\t\t\t\t\t<p>Through our collaboration with international partners, we now also manage complex projects.<br \/>Whether large groups, international trainings, or coordinated stays \u2013 we ensure a smooth process.\u00a0<\/p>\t\t\t\t\t\t\t\t<\/div>\n\t\t\t\t<\/div>\n\t\t\t\t<\/div>\n\t\t\t\t<\/div>\n\t\t<div class=\"elementor-element elementor-element-e47b16f e-con-full e-flex e-con e-child\" data-id=\"e47b16f\" data-element_type=\"container\" data-e-type=\"container\">\n\t\t<div class=\"elementor-element elementor-element-7a10e17 e-con-full e-flex e-con e-child\" data-id=\"7a10e17\" data-element_type=\"container\" data-e-type=\"container\">\n\t\t\t\t<div class=\"elementor-element elementor-element-238e537 elementor-widget elementor-widget-heading\" data-id=\"238e537\" data-element_type=\"widget\" data-e-type=\"widget\" data-widget_type=\"heading.default\">\n\t\t\t\t<div class=\"elementor-widget-container\">\n\t\t\t\t\t<h3 class=\"elementor-heading-title elementor-size-default\">Conference Rooms &amp; Organization<br>More than a place to stay<\/h3>\t\t\t\t<\/div>\n\t\t\t\t<\/div>\n\t\t\t\t<div class=\"elementor-element elementor-element-0cc9899 elementor-widget elementor-widget-text-editor\" data-id=\"0cc9899\" data-element_type=\"widget\" data-e-type=\"widget\" data-widget_type=\"text-editor.default\">\n\t\t\t\t<div class=\"elementor-widget-container\">\n\t\t\t\t\t\t\t\t\t<p>Besides our apartments, we offer modern conference rooms including full planning services.<br \/>This is how ideas become structured events \u2013 from small meetings to international seminars.<\/p>\t\t\t\t\t\t\t\t<\/div>\n\t\t\t\t<\/div>\n\t\t\t\t<\/div>\n\t\t<div class=\"elementor-element elementor-element-2920c92 e-con-full e-flex e-con e-child\" data-id=\"2920c92\" data-element_type=\"container\" data-e-type=\"container\">\n\t\t\t\t<div class=\"elementor-element elementor-element-ef1bbce elementor-widget elementor-widget-image\" data-id=\"ef1bbce\" data-element_type=\"widget\" data-e-type=\"widget\" data-widget_type=\"image.default\">\n\t\t\t\t<div class=\"elementor-widget-container\">\n\t\t\t\t\t\t\t\t\t\t\t\t\t\t\t<img alt=\"\" loading=\"lazy\" decoding=\"async\" width=\"2560\" height=\"1707\" src=\"https:\/\/roomconnect.de\/wp-content\/uploads\/2025\/05\/view-modern-classroom-school-scaled-1-1-1-1-1-1-1-1-1.jpg\" class=\"attachment-full size-full wp-image-7777\" srcset=\"https:\/\/roomconnect.de\/wp-content\/uploads\/2025\/05\/view-modern-classroom-school-scaled-1-1-1-1-1-1-1-1-1.jpg 2560w, https:\/\/roomconnect.de\/wp-content\/uploads\/2025\/05\/view-modern-classroom-school-scaled-1-1-1-1-1-1-1-1-1-300x200.jpg 300w, https:\/\/roomconnect.de\/wp-content\/uploads\/2025\/05\/view-modern-classroom-school-scaled-1-1-1-1-1-1-1-1-1-1024x683.jpg 1024w, https:\/\/roomconnect.de\/wp-content\/uploads\/2025\/05\/view-modern-classroom-school-scaled-1-1-1-1-1-1-1-1-1-768x512.jpg 768w, https:\/\/roomconnect.de\/wp-content\/uploads\/2025\/05\/view-modern-classroom-school-scaled-1-1-1-1-1-1-1-1-1-1536x1024.jpg 1536w, https:\/\/roomconnect.de\/wp-content\/uploads\/2025\/05\/view-modern-classroom-school-scaled-1-1-1-1-1-1-1-1-1-2048x1366.jpg 2048w\" sizes=\"(max-width: 2560px) 100vw, 2560px\" \/>\t\t\t\t\t\t\t\t\t\t\t\t\t\t\t<\/div>\n\t\t\t\t<\/div>\n\t\t\t\t<\/div>\n\t\t\t\t<\/div>\n\t\t<div class=\"elementor-element elementor-element-93f6bea e-con-full e-flex e-con e-child\" data-id=\"93f6bea\" data-element_type=\"container\" data-e-type=\"container\">\n\t\t<div class=\"elementor-element elementor-element-39ead48 e-con-full e-flex e-con e-child\" data-id=\"39ead48\" data-element_type=\"container\" data-e-type=\"container\">\n\t\t\t\t<div class=\"elementor-element elementor-element-27502d1 elementor-widget elementor-widget-image\" data-id=\"27502d1\" data-element_type=\"widget\" data-e-type=\"widget\" data-widget_type=\"image.default\">\n\t\t\t\t<div class=\"elementor-widget-container\">\n\t\t\t\t\t\t\t\t\t\t\t\t\t\t\t<img alt=\"\" loading=\"lazy\" decoding=\"async\" width=\"768\" height=\"1024\" src=\"https:\/\/roomconnect.de\/wp-content\/uploads\/2025\/05\/PHOTO-2025-05-19-13-43-49-1-768x1024.jpg\" class=\"attachment-medium_large size-medium_large wp-image-10986\" srcset=\"https:\/\/roomconnect.de\/wp-content\/uploads\/2025\/05\/PHOTO-2025-05-19-13-43-49-1-768x1024.jpg 768w, https:\/\/roomconnect.de\/wp-content\/uploads\/2025\/05\/PHOTO-2025-05-19-13-43-49-1-225x300.jpg 225w, https:\/\/roomconnect.de\/wp-content\/uploads\/2025\/05\/PHOTO-2025-05-19-13-43-49-1-1152x1536.jpg 1152w, https:\/\/roomconnect.de\/wp-content\/uploads\/2025\/05\/PHOTO-2025-05-19-13-43-49-1.jpg 1200w\" sizes=\"(max-width: 768px) 100vw, 768px\" \/>\t\t\t\t\t\t\t\t\t\t\t\t\t\t\t<\/div>\n\t\t\t\t<\/div>\n\t\t\t\t<\/div>\n\t\t<div class=\"elementor-element elementor-element-79b1b8c e-con-full e-flex e-con e-child\" data-id=\"79b1b8c\" data-element_type=\"container\" data-e-type=\"container\">\n\t\t\t\t<div class=\"elementor-element elementor-element-0a5f6ac elementor-widget elementor-widget-heading\" data-id=\"0a5f6ac\" data-element_type=\"widget\" data-e-type=\"widget\" data-widget_type=\"heading.default\">\n\t\t\t\t<div class=\"elementor-widget-container\">\n\t\t\t\t\t<h2 class=\"elementor-heading-title elementor-size-default\">And of course: our team makes the difference.<\/h2>\t\t\t\t<\/div>\n\t\t\t\t<\/div>\n\t\t\t\t<div class=\"elementor-element elementor-element-2cb9a90 elementor-widget elementor-widget-heading\" data-id=\"2cb9a90\" data-element_type=\"widget\" data-e-type=\"widget\" data-widget_type=\"heading.default\">\n\t\t\t\t<div class=\"elementor-widget-container\">\n\t\t\t\t\t<h3 class=\"elementor-heading-title elementor-size-default\">Rita Pani \u2013 Managing Director<\/h3>\t\t\t\t<\/div>\n\t\t\t\t<\/div>\n\t\t\t\t<div class=\"elementor-element elementor-element-5c40fb4 elementor-widget elementor-widget-text-editor\" data-id=\"5c40fb4\" data-element_type=\"widget\" data-e-type=\"widget\" data-widget_type=\"text-editor.default\">\n\t\t\t\t<div class=\"elementor-widget-container\">\n\t\t\t\t\t\t\t\t\t<p>I have a background in tourism and leisure management and have managed a travel agency for over 15 years. During that time, I gained extensive experience in guest services, travel organization, and event planning. Today, I lead Room Connect PS GmbH &amp; Co. KG with great passion and organizational skills \u2013 ensuring that our guests feel completely comfortable with us. Please feel free to contact me if you have any questions or special requests.<\/p>\t\t\t\t\t\t\t\t<\/div>\n\t\t\t\t<\/div>\n\t\t\t\t<\/div>\n\t\t\t\t<\/div>\n\t\t<div class=\"elementor-element elementor-element-8a86892 e-con-full e-flex e-con e-child\" data-id=\"8a86892\" data-element_type=\"container\" data-e-type=\"container\">\n\t\t<div class=\"elementor-element elementor-element-04a5b79 e-con-full e-flex e-con e-child\" data-id=\"04a5b79\" data-element_type=\"container\" data-e-type=\"container\">\n\t\t\t\t<div class=\"elementor-element elementor-element-b0e31ef elementor-widget elementor-widget-heading\" data-id=\"b0e31ef\" data-element_type=\"widget\" data-e-type=\"widget\" data-widget_type=\"heading.default\">\n\t\t\t\t<div class=\"elementor-widget-container\">\n\t\t\t\t\t<h3 class=\"elementor-heading-title elementor-size-default\">Imre Sz\u00fccs \u2013 Operations Manager<\/h3>\t\t\t\t<\/div>\n\t\t\t\t<\/div>\n\t\t\t\t<div class=\"elementor-element elementor-element-4708a07 elementor-widget elementor-widget-text-editor\" data-id=\"4708a07\" data-element_type=\"widget\" data-e-type=\"widget\" data-widget_type=\"text-editor.default\">\n\t\t\t\t<div class=\"elementor-widget-container\">\n\t\t\t\t\t\t\t\t\t<p>With a degree as a tourism management specialist and over 15 years of experience in aviation as a flight attendant, I bring a deep understanding of service, organization, and international guests.<br \/>For over 10 years, I have been responsible for the strategic structure and organization of our company \u2013 with an eye for detail and a sense of efficiency.<\/p><p>As a holder of a CPL license for twin-engine aircraft, I combine precision and responsibility beyond the ground \u2013 skills that I bring to our work every day.<\/p><p>\u00a0<\/p>\t\t\t\t\t\t\t\t<\/div>\n\t\t\t\t<\/div>\n\t\t\t\t<\/div>\n\t\t<div class=\"elementor-element elementor-element-6c67ebd e-con-full e-flex e-con e-child\" data-id=\"6c67ebd\" data-element_type=\"container\" data-e-type=\"container\">\n\t\t\t\t<div class=\"elementor-element elementor-element-1f89436 elementor-widget elementor-widget-image\" data-id=\"1f89436\" data-element_type=\"widget\" data-e-type=\"widget\" data-widget_type=\"image.default\">\n\t\t\t\t<div class=\"elementor-widget-container\">\n\t\t\t\t\t\t\t\t\t\t\t\t\t\t\t<img alt=\"\" loading=\"lazy\" decoding=\"async\" width=\"768\" height=\"1024\" src=\"https:\/\/roomconnect.de\/wp-content\/uploads\/2025\/05\/PHOTO-2025-05-19-13-46-47-768x1024.jpg\" class=\"attachment-medium_large size-medium_large wp-image-10993\" srcset=\"https:\/\/roomconnect.de\/wp-content\/uploads\/2025\/05\/PHOTO-2025-05-19-13-46-47-768x1024.jpg 768w, https:\/\/roomconnect.de\/wp-content\/uploads\/2025\/05\/PHOTO-2025-05-19-13-46-47-225x300.jpg 225w, https:\/\/roomconnect.de\/wp-content\/uploads\/2025\/05\/PHOTO-2025-05-19-13-46-47-1152x1536.jpg 1152w, https:\/\/roomconnect.de\/wp-content\/uploads\/2025\/05\/PHOTO-2025-05-19-13-46-47.jpg 1200w\" sizes=\"(max-width: 768px) 100vw, 768px\" \/>\t\t\t\t\t\t\t\t\t\t\t\t\t\t\t<\/div>\n\t\t\t\t<\/div>\n\t\t\t\t<\/div>\n\t\t\t\t<\/div>\n\t\t\t\t<\/div>\n\t\t\t\t\t<\/div>\n\t\t\t\t<\/div>\n\t\t\t\t<\/div>","protected":false},"excerpt":{"rendered":"<p>Room Connect PS mehr als nur R\u00e4ume Mehr als nur R\u00e4te Ihr Partner f\u00fcr Komfort und Organisation Der Anfang &#8211; Unsere Geschichte Unsere Reise begann 2015 am Flughafen Hahn. Damals starteten wir mit der Unterbringung von zuk\u00fcnftigen Ryanair-Mitarbeitern im Auftrag der Trainingsfirma Crewlink.Diese ersten Erfahrungen legten den Grundstein f\u00fcr unsere heutige Unternehmensstruktur.\u00a0 Komfortable Unterk\u00fcnfte im [&hellip;]<\/p>\n","protected":false},"author":1,"featured_media":0,"parent":0,"menu_order":0,"comment_status":"closed","ping_status":"closed","template":"","meta":{"_seopress_robots_primary_cat":"","_seopress_titles_title":"","_seopress_titles_desc":"","_seopress_robots_index":"","_uag_custom_page_level_css":"","site-sidebar-layout":"no-sidebar","site-content-layout":"page-builder","ast-site-content-layout":"full-width-container","site-content-style":"default","site-sidebar-style":"default","ast-global-header-display":"","ast-banner-title-visibility":"","ast-main-header-display":"","ast-hfb-above-header-display":"","ast-hfb-below-header-display":"","ast-hfb-mobile-header-display":"","site-post-title":"disabled","ast-breadcrumbs-content":"","ast-featured-img":"disabled","footer-sml-layout":"","theme-transparent-header-meta":"","adv-header-id-meta":"","stick-header-meta":"","header-above-stick-meta":"","header-main-stick-meta":"","header-below-stick-meta":"","astra-migrate-meta-layouts":"set","ast-page-background-enabled":"default","ast-page-background-meta":{"desktop":{"background-color":"","background-image":"","background-repeat":"repeat","background-position":"center center","background-size":"auto","background-attachment":"scroll","background-type":"","background-media":"","overlay-type":"","overlay-color":"","overlay-opacity":"","overlay-gradient":""},"tablet":{"background-color":"","background-image":"","background-repeat":"repeat","background-position":"center center","background-size":"auto","background-attachment":"scroll","background-type":"","background-media":"","overlay-type":"","overlay-color":"","overlay-opacity":"","overlay-gradient":""},"mobile":{"background-color":"","background-image":"","background-repeat":"repeat","background-position":"center center","background-size":"auto","background-attachment":"scroll","background-type":"","background-media":"","overlay-type":"","overlay-color":"","overlay-opacity":"","overlay-gradient":""}},"ast-content-background-meta":{"desktop":{"background-color":"var(--ast-global-color-5)","background-image":"","background-repeat":"repeat","background-position":"center center","background-size":"auto","background-attachment":"scroll","background-type":"","background-media":"","overlay-type":"","overlay-color":"","overlay-opacity":"","overlay-gradient":""},"tablet":{"background-color":"var(--ast-global-color-5)","background-image":"","background-repeat":"repeat","background-position":"center center","background-size":"auto","background-attachment":"scroll","background-type":"","background-media":"","overlay-type":"","overlay-color":"","overlay-opacity":"","overlay-gradient":""},"mobile":{"background-color":"var(--ast-global-color-5)","background-image":"","background-repeat":"repeat","background-position":"center center","background-size":"auto","background-attachment":"scroll","background-type":"","background-media":"","overlay-type":"","overlay-color":"","overlay-opacity":"","overlay-gradient":""}},"footnotes":""},"class_list":["post-10934","page","type-page","status-publish","hentry"],"uagb_featured_image_src":{"full":false,"thumbnail":false,"medium":false,"medium_large":false,"large":false,"1536x1536":false,"2048x2048":false,"trp-custom-language-flag":false},"uagb_author_info":{"display_name":"roomconnect_wh4c6uli","author_link":"https:\/\/roomconnect.de\/en\/author\/roomconnect_wh4c6uli\/"},"uagb_comment_info":0,"uagb_excerpt":"Room Connect PS mehr als nur R\u00e4ume Mehr als nur R\u00e4te Ihr Partner f\u00fcr Komfort und Organisation Der Anfang &#8211; Unsere Geschichte Unsere Reise begann 2015 am Flughafen Hahn. Damals starteten wir mit der Unterbringung von zuk\u00fcnftigen Ryanair-Mitarbeitern im Auftrag der Trainingsfirma Crewlink.Diese ersten Erfahrungen legten den Grundstein f\u00fcr unsere heutige Unternehmensstruktur.\u00a0 Komfortable Unterk\u00fcnfte im&hellip;","_links":{"self":[{"href":"https:\/\/roomconnect.de\/en\/wp-json\/wp\/v2\/pages\/10934","targetHints":{"allow":["GET"]}}],"collection":[{"href":"https:\/\/roomconnect.de\/en\/wp-json\/wp\/v2\/pages"}],"about":[{"href":"https:\/\/roomconnect.de\/en\/wp-json\/wp\/v2\/types\/page"}],"author":[{"embeddable":true,"href":"https:\/\/roomconnect.de\/en\/wp-json\/wp\/v2\/users\/1"}],"replies":[{"embeddable":true,"href":"https:\/\/roomconnect.de\/en\/wp-json\/wp\/v2\/comments?post=10934"}],"version-history":[{"count":100,"href":"https:\/\/roomconnect.de\/en\/wp-json\/wp\/v2\/pages\/10934\/revisions"}],"predecessor-version":[{"id":12096,"href":"https:\/\/roomconnect.de\/en\/wp-json\/wp\/v2\/pages\/10934\/revisions\/12096"}],"wp:attachment":[{"href":"https:\/\/roomconnect.de\/en\/wp-json\/wp\/v2\/media?parent=10934"}],"curies":[{"name":"wp","href":"https:\/\/api.w.org\/{rel}","templated":true}]}}