{"id":1987,"date":"2025-03-05T19:04:31","date_gmt":"2025-03-05T19:04:31","guid":{"rendered":"https:\/\/www.roomconnectps.de\/?page_id=1987"},"modified":"2026-03-19T14:39:14","modified_gmt":"2026-03-19T14:39:14","slug":"konferenz-raum","status":"publish","type":"page","link":"https:\/\/roomconnect.de\/de\/konferenz-raum\/","title":{"rendered":"Konferenzraum"},"content":{"rendered":"\t\t<div data-elementor-type=\"wp-page\" data-elementor-id=\"1987\" class=\"elementor elementor-1987\" data-elementor-post-type=\"page\">\n\t\t\t\t<div class=\"elementor-element elementor-element-1d067ab7 e-con-full e-flex e-con e-parent\" data-id=\"1d067ab7\" data-element_type=\"container\" data-e-type=\"container\" data-settings=\"{&quot;background_background&quot;:&quot;classic&quot;}\">\n\t\t<div class=\"elementor-element elementor-element-6f52ec8a e-con-full e-flex e-con e-child\" data-id=\"6f52ec8a\" data-element_type=\"container\" data-e-type=\"container\" data-settings=\"{&quot;background_background&quot;:&quot;classic&quot;}\">\n\t\t\t\t<div class=\"elementor-element elementor-element-1d6b074d elementor-widget elementor-widget-heading\" data-id=\"1d6b074d\" data-element_type=\"widget\" data-e-type=\"widget\" data-widget_type=\"heading.default\">\n\t\t\t\t<div class=\"elementor-widget-container\">\n\t\t\t\t\t<h1 class=\"elementor-heading-title elementor-size-default\">Konferenzraum<\/h1>\t\t\t\t<\/div>\n\t\t\t\t<\/div>\n\t\t\t\t<div class=\"elementor-element elementor-element-65d667d elementor-widget elementor-widget-heading\" data-id=\"65d667d\" data-element_type=\"widget\" data-e-type=\"widget\" data-widget_type=\"heading.default\">\n\t\t\t\t<div class=\"elementor-widget-container\">\n\t\t\t\t\t<h2 class=\"elementor-heading-title elementor-size-default\">training room<\/h2>\t\t\t\t<\/div>\n\t\t\t\t<\/div>\n\t\t\t\t<\/div>\n\t\t\t\t<\/div>\n\t\t<div class=\"elementor-element elementor-element-2464e9a5 e-flex e-con-boxed e-con e-parent\" data-id=\"2464e9a5\" data-element_type=\"container\" data-e-type=\"container\">\n\t\t\t\t\t<div class=\"e-con-inner\">\n\t\t<div class=\"elementor-element elementor-element-23e5adb e-flex e-con-boxed e-con e-child\" data-id=\"23e5adb\" data-element_type=\"container\" data-e-type=\"container\">\n\t\t\t\t\t<div class=\"e-con-inner\">\n\t\t\t\t<div class=\"elementor-element elementor-element-129ffc16 elementor-widget elementor-widget-heading\" data-id=\"129ffc16\" data-element_type=\"widget\" data-e-type=\"widget\" data-widget_type=\"heading.default\">\n\t\t\t\t<div class=\"elementor-widget-container\">\n\t\t\t\t\t<h2 class=\"elementor-heading-title elementor-size-default\">Business trifft Raum<\/h2>\t\t\t\t<\/div>\n\t\t\t\t<\/div>\n\t\t\t\t<div class=\"elementor-element elementor-element-628f0ae6 elementor-widget-divider--view-line elementor-widget elementor-widget-divider\" data-id=\"628f0ae6\" data-element_type=\"widget\" data-e-type=\"widget\" data-widget_type=\"divider.default\">\n\t\t\t\t<div class=\"elementor-widget-container\">\n\t\t\t\t\t\t\t<div class=\"elementor-divider\">\n\t\t\t<span class=\"elementor-divider-separator\">\n\t\t\t\t\t\t<\/span>\n\t\t<\/div>\n\t\t\t\t\t\t<\/div>\n\t\t\t\t<\/div>\n\t\t<div class=\"elementor-element elementor-element-e1cb849 e-flex e-con-boxed e-con e-child\" data-id=\"e1cb849\" data-element_type=\"container\" data-e-type=\"container\">\n\t\t\t\t\t<div class=\"e-con-inner\">\n\t\t<div class=\"elementor-element elementor-element-153c460b e-flex e-con-boxed e-con e-child\" data-id=\"153c460b\" data-element_type=\"container\" data-e-type=\"container\">\n\t\t\t\t\t<div class=\"e-con-inner\">\n\t\t\t\t<div class=\"elementor-element elementor-element-78253666 elementor-widget elementor-widget-image\" data-id=\"78253666\" data-element_type=\"widget\" data-e-type=\"widget\" data-widget_type=\"image.default\">\n\t\t\t\t<div class=\"elementor-widget-container\">\n\t\t\t\t\t\t\t\t\t\t\t\t\t\t\t<img alt=\"\" fetchpriority=\"high\" decoding=\"async\" width=\"2560\" height=\"1706\" src=\"https:\/\/roomconnect.de\/wp-content\/uploads\/2025\/05\/Liberec-2-U-shape-scaled.jpg\" class=\"attachment-full size-full wp-image-5914\" alt=\"\" srcset=\"https:\/\/roomconnect.de\/wp-content\/uploads\/2025\/05\/Liberec-2-U-shape-scaled.jpg 2560w, https:\/\/roomconnect.de\/wp-content\/uploads\/2025\/05\/Liberec-2-U-shape-300x200.jpg 300w, https:\/\/roomconnect.de\/wp-content\/uploads\/2025\/05\/Liberec-2-U-shape-1024x682.jpg 1024w, https:\/\/roomconnect.de\/wp-content\/uploads\/2025\/05\/Liberec-2-U-shape-768x512.jpg 768w, https:\/\/roomconnect.de\/wp-content\/uploads\/2025\/05\/Liberec-2-U-shape-1536x1023.jpg 1536w, https:\/\/roomconnect.de\/wp-content\/uploads\/2025\/05\/Liberec-2-U-shape-2048x1365.jpg 2048w\" sizes=\"(max-width: 2560px) 100vw, 2560px\" \/>\t\t\t\t\t\t\t\t\t\t\t\t\t\t\t<\/div>\n\t\t\t\t<\/div>\n\t\t\t\t<div class=\"elementor-element elementor-element-ba9110c elementor-widget elementor-widget-image-box\" data-id=\"ba9110c\" data-element_type=\"widget\" data-e-type=\"widget\" data-widget_type=\"image-box.default\">\n\t\t\t\t<div class=\"elementor-widget-container\">\n\t\t\t\t\t<div class=\"elementor-image-box-wrapper\"><div class=\"elementor-image-box-content\"><h3 class=\"elementor-image-box-title\">Perfekte Locations<\/h3><p class=\"elementor-image-box-description\">Ob Konferenz, Meeting oder Training-wir bieten Ihnen passende R\u00e4ume in ganz Europa, die sich flexible an Ihre Bed\u00fcrfnisse anpassen lassen.<\/p><\/div><\/div>\t\t\t\t<\/div>\n\t\t\t\t<\/div>\n\t\t\t\t\t<\/div>\n\t\t\t\t<\/div>\n\t\t<div class=\"elementor-element elementor-element-3ebcf641 e-flex e-con-boxed e-con e-child\" data-id=\"3ebcf641\" data-element_type=\"container\" data-e-type=\"container\">\n\t\t\t\t\t<div class=\"e-con-inner\">\n\t\t\t\t<div class=\"elementor-element elementor-element-6e0cf4e8 elementor-widget__width-initial elementor-widget elementor-widget-image\" data-id=\"6e0cf4e8\" data-element_type=\"widget\" data-e-type=\"widget\" data-widget_type=\"image.default\">\n\t\t\t\t<div class=\"elementor-widget-container\">\n\t\t\t\t\t\t\t\t\t\t\t\t\t\t\t<img alt=\"\" decoding=\"async\" width=\"2560\" height=\"1920\" src=\"https:\/\/roomconnect.de\/wp-content\/uploads\/2025\/05\/Image-scaled.jpeg\" class=\"attachment-full size-full wp-image-5912\" alt=\"\" srcset=\"https:\/\/roomconnect.de\/wp-content\/uploads\/2025\/05\/Image-scaled.jpeg 2560w, https:\/\/roomconnect.de\/wp-content\/uploads\/2025\/05\/Image-300x225.jpeg 300w, https:\/\/roomconnect.de\/wp-content\/uploads\/2025\/05\/Image-1024x768.jpeg 1024w, https:\/\/roomconnect.de\/wp-content\/uploads\/2025\/05\/Image-768x576.jpeg 768w, https:\/\/roomconnect.de\/wp-content\/uploads\/2025\/05\/Image-1536x1152.jpeg 1536w, https:\/\/roomconnect.de\/wp-content\/uploads\/2025\/05\/Image-2048x1536.jpeg 2048w\" sizes=\"(max-width: 2560px) 100vw, 2560px\" \/>\t\t\t\t\t\t\t\t\t\t\t\t\t\t\t<\/div>\n\t\t\t\t<\/div>\n\t\t\t\t<div class=\"elementor-element elementor-element-7e5ca3d elementor-widget__width-initial elementor-widget elementor-widget-image-box\" data-id=\"7e5ca3d\" data-element_type=\"widget\" data-e-type=\"widget\" data-widget_type=\"image-box.default\">\n\t\t\t\t<div class=\"elementor-widget-container\">\n\t\t\t\t\t<div class=\"elementor-image-box-wrapper\"><div class=\"elementor-image-box-content\"><h3 class=\"elementor-image-box-title\">Flexibel room concept<\/h3><p class=\"elementor-image-box-description\">Unsere R\u00e4ume lassen sich individuell an Ihre Veranstaltung anpassen- f\u00fcr ein professionelles Umfeld, das genau zu Ihren Zielen passt.<\/p><\/div><\/div>\t\t\t\t<\/div>\n\t\t\t\t<\/div>\n\t\t\t\t\t<\/div>\n\t\t\t\t<\/div>\n\t\t<div class=\"elementor-element elementor-element-72e43b1 e-flex e-con-boxed e-con e-child\" data-id=\"72e43b1\" data-element_type=\"container\" data-e-type=\"container\">\n\t\t\t\t\t<div class=\"e-con-inner\">\n\t\t\t\t<div class=\"elementor-element elementor-element-3e3cdc55 elementor-widget elementor-widget-image\" data-id=\"3e3cdc55\" data-element_type=\"widget\" data-e-type=\"widget\" data-widget_type=\"image.default\">\n\t\t\t\t<div class=\"elementor-widget-container\">\n\t\t\t\t\t\t\t\t\t\t\t\t\t\t\t<img alt=\"\" decoding=\"async\" width=\"2560\" height=\"1706\" src=\"https:\/\/roomconnect.de\/wp-content\/uploads\/2025\/05\/Conference_room-scaled.jpg\" class=\"attachment-full size-full wp-image-6017\" alt=\"\" srcset=\"https:\/\/roomconnect.de\/wp-content\/uploads\/2025\/05\/Conference_room-scaled.jpg 2560w, https:\/\/roomconnect.de\/wp-content\/uploads\/2025\/05\/Conference_room-300x200.jpg 300w, https:\/\/roomconnect.de\/wp-content\/uploads\/2025\/05\/Conference_room-1024x683.jpg 1024w, https:\/\/roomconnect.de\/wp-content\/uploads\/2025\/05\/Conference_room-768x512.jpg 768w, https:\/\/roomconnect.de\/wp-content\/uploads\/2025\/05\/Conference_room-1536x1024.jpg 1536w, https:\/\/roomconnect.de\/wp-content\/uploads\/2025\/05\/Conference_room-2048x1365.jpg 2048w\" sizes=\"(max-width: 2560px) 100vw, 2560px\" \/>\t\t\t\t\t\t\t\t\t\t\t\t\t\t\t<\/div>\n\t\t\t\t<\/div>\n\t\t\t\t<div class=\"elementor-element elementor-element-5665d065 elementor-widget elementor-widget-image-box\" data-id=\"5665d065\" data-element_type=\"widget\" data-e-type=\"widget\" data-widget_type=\"image-box.default\">\n\t\t\t\t<div class=\"elementor-widget-container\">\n\t\t\t\t\t<div class=\"elementor-image-box-wrapper\"><div class=\"elementor-image-box-content\"><h3 class=\"elementor-image-box-title\">Kapazit\u00e4t und Lage<\/h3><p class=\"elementor-image-box-description\">Ob kleines Seminar oder gro\u00dfe Firmenveranstaltung - bei uns finden Sie die passende Umgebung f\u00fcr jede Teilnehmerzahl, an zahlreichen Standorten in Europa<\/p><\/div><\/div>\t\t\t\t<\/div>\n\t\t\t\t<\/div>\n\t\t\t\t\t<\/div>\n\t\t\t\t<\/div>\n\t\t\t\t\t<\/div>\n\t\t\t\t<\/div>\n\t\t\t\t\t<\/div>\n\t\t\t\t<\/div>\n\t\t\t\t\t<\/div>\n\t\t\t\t<\/div>\n\t\t<div class=\"elementor-element elementor-element-2f30ae80 e-flex e-con-boxed e-con e-parent\" data-id=\"2f30ae80\" data-element_type=\"container\" data-e-type=\"container\" data-settings=\"{&quot;background_background&quot;:&quot;classic&quot;}\">\n\t\t\t\t\t<div class=\"e-con-inner\">\n\t\t<div class=\"elementor-element elementor-element-6f03db96 e-con-full e-flex e-con e-child\" data-id=\"6f03db96\" data-element_type=\"container\" data-e-type=\"container\">\n\t\t\t\t<\/div>\n\t\t<div class=\"elementor-element elementor-element-29e89385 e-con-full e-flex e-con e-child\" data-id=\"29e89385\" data-element_type=\"container\" data-e-type=\"container\">\n\t\t\t\t<div class=\"elementor-element elementor-element-31c52044 elementor-widget elementor-widget-image\" data-id=\"31c52044\" data-element_type=\"widget\" data-e-type=\"widget\" data-widget_type=\"image.default\">\n\t\t\t\t<div class=\"elementor-widget-container\">\n\t\t\t\t\t\t\t\t\t\t\t\t\t\t\t<img decoding=\"async\" src=\"https:\/\/www.roomconnectps.de\/wp-content\/uploads\/2025\/05\/quotes.svg\" title=\"\" alt=\"\" loading=\"lazy\" \/>\t\t\t\t\t\t\t\t\t\t\t\t\t\t\t<\/div>\n\t\t\t\t<\/div>\n\t\t\t\t<div class=\"elementor-element elementor-element-395ade2d elementor-widget elementor-widget-heading\" data-id=\"395ade2d\" data-element_type=\"widget\" data-e-type=\"widget\" data-widget_type=\"heading.default\">\n\t\t\t\t<div class=\"elementor-widget-container\">\n\t\t\t\t\t<h4 class=\"elementor-heading-title elementor-size-default\">\u201cUnser Service geht weiter, als nur ein Raumangebot. Wir planen mit Ihnen, beraten Sie pers\u00f6nlich und finden die perfekte L\u00f6sungen\"<br><\/h4>\t\t\t\t<\/div>\n\t\t\t\t<\/div>\n\t\t\t\t<div class=\"elementor-element elementor-element-72df6fe9 elementor-widget elementor-widget-image\" data-id=\"72df6fe9\" data-element_type=\"widget\" data-e-type=\"widget\" data-widget_type=\"image.default\">\n\t\t\t\t<div class=\"elementor-widget-container\">\n\t\t\t\t\t\t\t\t\t\t\t\t\t\t\t<img decoding=\"async\" src=\"https:\/\/www.roomconnectps.de\/wp-content\/uploads\/2025\/05\/avatar_on_home.png\" title=\"\" alt=\"\" loading=\"lazy\" \/>\t\t\t\t\t\t\t\t\t\t\t\t\t\t\t<\/div>\n\t\t\t\t<\/div>\n\t\t\t\t<div class=\"elementor-element elementor-element-49b0bbb2 elementor-widget elementor-widget-text-editor\" data-id=\"49b0bbb2\" data-element_type=\"widget\" data-e-type=\"widget\" data-widget_type=\"text-editor.default\">\n\t\t\t\t<div class=\"elementor-widget-container\">\n\t\t\t\t\t\t\t\t\t<p>Rita Pani<\/p>\t\t\t\t\t\t\t\t<\/div>\n\t\t\t\t<\/div>\n\t\t\t\t<\/div>\n\t\t<div class=\"elementor-element elementor-element-4793e775 e-con-full e-flex e-con e-child\" data-id=\"4793e775\" data-element_type=\"container\" data-e-type=\"container\">\n\t\t\t\t<\/div>\n\t\t\t\t\t<\/div>\n\t\t\t\t<\/div>\n\t\t<div class=\"elementor-element elementor-element-53df74f7 e-flex e-con-boxed e-con e-parent\" data-id=\"53df74f7\" data-element_type=\"container\" data-e-type=\"container\">\n\t\t\t\t\t<div class=\"e-con-inner\">\n\t\t<div class=\"elementor-element elementor-element-674f846 e-con-full e-flex e-con e-child\" data-id=\"674f846\" data-element_type=\"container\" data-e-type=\"container\">\n\t\t\t\t<div class=\"elementor-element elementor-element-7f6ee3eb elementor-widget elementor-widget-heading\" data-id=\"7f6ee3eb\" data-element_type=\"widget\" data-e-type=\"widget\" data-widget_type=\"heading.default\">\n\t\t\t\t<div class=\"elementor-widget-container\">\n\t\t\t\t\t<h4 class=\"elementor-heading-title elementor-size-default\">Professionelle R\u00e4ume f\u00fcr anspruchsvolle Trainings.<\/h4>\t\t\t\t<\/div>\n\t\t\t\t<\/div>\n\t\t\t\t<div class=\"elementor-element elementor-element-7f424174 elementor-widget elementor-widget-text-editor\" data-id=\"7f424174\" data-element_type=\"widget\" data-e-type=\"widget\" data-widget_type=\"text-editor.default\">\n\t\t\t\t<div class=\"elementor-widget-container\">\n\t\t\t\t\t\t\t\t\t<p>Wir stehen f\u00fcr professionelle Abl\u00e4ufe, pers\u00f6nliche Betreuung und flexible L\u00f6sungen. Vertrauen Sie auf unsere Erfahrung \u2013 Ihre Veranstaltung ist bei uns in besten H\u00e4nden.<\/p>\t\t\t\t\t\t\t\t<\/div>\n\t\t\t\t<\/div>\n\t\t\t\t<\/div>\n\t\t<div class=\"elementor-element elementor-element-2f34b395 elementor-hidden-mobile e-con-full e-flex e-con e-child\" data-id=\"2f34b395\" data-element_type=\"container\" data-e-type=\"container\">\n\t\t\t\t<div class=\"elementor-element elementor-element-1e2fe12 elementor-widget elementor-widget-image\" data-id=\"1e2fe12\" data-element_type=\"widget\" data-e-type=\"widget\" data-widget_type=\"image.default\">\n\t\t\t\t<div class=\"elementor-widget-container\">\n\t\t\t\t\t\t\t\t\t\t\t\t\t\t\t<img loading=\"lazy\" decoding=\"async\" width=\"576\" height=\"384\" src=\"https:\/\/roomconnect.de\/wp-content\/uploads\/2025\/05\/budget-hotel-special-offer-img-2-min-1-1-1-1-1-1-1-1-1.jpg\" class=\"attachment-large size-large wp-image-8014\" alt=\"telefon\" srcset=\"https:\/\/roomconnect.de\/wp-content\/uploads\/2025\/05\/budget-hotel-special-offer-img-2-min-1-1-1-1-1-1-1-1-1.jpg 576w, https:\/\/roomconnect.de\/wp-content\/uploads\/2025\/05\/budget-hotel-special-offer-img-2-min-1-1-1-1-1-1-1-1-1-300x200.jpg 300w\" sizes=\"(max-width: 576px) 100vw, 576px\" \/>\t\t\t\t\t\t\t\t\t\t\t\t\t\t\t<\/div>\n\t\t\t\t<\/div>\n\t\t\t\t<\/div>\n\t\t\t\t\t<\/div>\n\t\t\t\t<\/div>\n\t\t<div class=\"elementor-element elementor-element-10298b56 e-flex e-con-boxed e-con e-parent\" data-id=\"10298b56\" data-element_type=\"container\" data-e-type=\"container\" data-settings=\"{&quot;background_background&quot;:&quot;classic&quot;}\">\n\t\t\t\t\t<div class=\"e-con-inner\">\n\t\t<div class=\"elementor-element elementor-element-53b903ad e-con-full e-flex e-con e-child\" data-id=\"53b903ad\" data-element_type=\"container\" data-e-type=\"container\">\n\t\t\t\t<div class=\"elementor-element elementor-element-7678c1ae elementor-widget elementor-widget-heading\" data-id=\"7678c1ae\" data-element_type=\"widget\" data-e-type=\"widget\" data-widget_type=\"heading.default\">\n\t\t\t\t<div class=\"elementor-widget-container\">\n\t\t\t\t\t<h3 class=\"elementor-heading-title elementor-size-default\">Senden Sie uns einfach Ihre Anfrage<\/h3>\t\t\t\t<\/div>\n\t\t\t\t<\/div>\n\t\t\t\t<div class=\"elementor-element elementor-element-7a42e5da elementor-widget elementor-widget-text-editor\" data-id=\"7a42e5da\" data-element_type=\"widget\" data-e-type=\"widget\" data-widget_type=\"text-editor.default\">\n\t\t\t\t<div class=\"elementor-widget-container\">\n\t\t\t\t\t\t\t\t\t<p>-wir melden uns pers\u00f6nlich bei Ihnen zur\u00fcck.<\/p>\t\t\t\t\t\t\t\t<\/div>\n\t\t\t\t<\/div>\n\t\t\t\t<div class=\"elementor-element elementor-element-72eff508 elementor-align-center elementor-widget elementor-widget-button\" data-id=\"72eff508\" data-element_type=\"widget\" data-e-type=\"widget\" data-widget_type=\"button.default\">\n\t\t\t\t<div class=\"elementor-widget-container\">\n\t\t\t\t\t\t\t\t\t<div class=\"elementor-button-wrapper\">\n\t\t\t\t\t<a class=\"elementor-button elementor-button-link elementor-size-sm\" href=\"mailto:info@roomconnect.de\">\n\t\t\t\t\t\t<span class=\"elementor-button-content-wrapper\">\n\t\t\t\t\t\t\t\t\t<span class=\"elementor-button-text\">Kontakt aufnehmen<\/span>\n\t\t\t\t\t<\/span>\n\t\t\t\t\t<\/a>\n\t\t\t\t<\/div>\n\t\t\t\t\t\t\t\t<\/div>\n\t\t\t\t<\/div>\n\t\t\t\t<\/div>\n\t\t\t\t\t<\/div>\n\t\t\t\t<\/div>\n\t\t\t\t<\/div>\n\t\t","protected":false},"excerpt":{"rendered":"<p>Konferenzraum training room Business trifft Raum Perfekte Locations Ob Konferenz, Meeting oder Training-wir bieten Ihnen passende R\u00e4ume in ganz Europa, die sich flexible an Ihre Bed\u00fcrfnisse anpassen lassen. Flexibel room concept Unsere R\u00e4ume lassen sich individuell an Ihre Veranstaltung anpassen- f\u00fcr ein professionelles Umfeld, das genau zu Ihren Zielen passt. Kapazit\u00e4t und Lage Ob kleines [&hellip;]<\/p>\n","protected":false},"author":1,"featured_media":0,"parent":0,"menu_order":0,"comment_status":"closed","ping_status":"closed","template":"elementor_theme","meta":{"_seopress_robots_primary_cat":"","_seopress_titles_title":"Konferenzraum & Trainingsraum buchen \u2013Anfrage f\u00fcr Seminarr\u00e4ume","_seopress_titles_desc":"etzt Konferenzraum oder Trainingsraum anfragen: moderne Ausstattung, flexible Raumgr\u00f6\u00dfen, ideal f\u00fcr Meetings, Schulungen","_seopress_robots_index":"","_uag_custom_page_level_css":"","site-sidebar-layout":"no-sidebar","site-content-layout":"page-builder","ast-site-content-layout":"full-width-container","site-content-style":"default","site-sidebar-style":"default","ast-global-header-display":"","ast-banner-title-visibility":"","ast-main-header-display":"","ast-hfb-above-header-display":"","ast-hfb-below-header-display":"","ast-hfb-mobile-header-display":"","site-post-title":"disabled","ast-breadcrumbs-content":"","ast-featured-img":"disabled","footer-sml-layout":"","theme-transparent-header-meta":"","adv-header-id-meta":"","stick-header-meta":"","header-above-stick-meta":"","header-main-stick-meta":"","header-below-stick-meta":"","astra-migrate-meta-layouts":"set","ast-page-background-enabled":"default","ast-page-background-meta":{"desktop":{"background-color":"var(--ast-global-color-4)","background-image":"","background-repeat":"repeat","background-position":"center center","background-size":"auto","background-attachment":"scroll","background-type":"","background-media":"","overlay-type":"","overlay-color":"","overlay-opacity":"","overlay-gradient":""},"tablet":{"background-color":"","background-image":"","background-repeat":"repeat","background-position":"center center","background-size":"auto","background-attachment":"scroll","background-type":"","background-media":"","overlay-type":"","overlay-color":"","overlay-opacity":"","overlay-gradient":""},"mobile":{"background-color":"","background-image":"","background-repeat":"repeat","background-position":"center center","background-size":"auto","background-attachment":"scroll","background-type":"","background-media":"","overlay-type":"","overlay-color":"","overlay-opacity":"","overlay-gradient":""}},"ast-content-background-meta":{"desktop":{"background-color":"var(--ast-global-color-5)","background-image":"","background-repeat":"repeat","background-position":"center center","background-size":"auto","background-attachment":"scroll","background-type":"","background-media":"","overlay-type":"","overlay-color":"","overlay-opacity":"","overlay-gradient":""},"tablet":{"background-color":"var(--ast-global-color-5)","background-image":"","background-repeat":"repeat","background-position":"center center","background-size":"auto","background-attachment":"scroll","background-type":"","background-media":"","overlay-type":"","overlay-color":"","overlay-opacity":"","overlay-gradient":""},"mobile":{"background-color":"var(--ast-global-color-5)","background-image":"","background-repeat":"repeat","background-position":"center center","background-size":"auto","background-attachment":"scroll","background-type":"","background-media":"","overlay-type":"","overlay-color":"","overlay-opacity":"","overlay-gradient":""}},"footnotes":""},"class_list":["post-1987","page","type-page","status-publish","hentry"],"uagb_featured_image_src":{"full":false,"thumbnail":false,"medium":false,"medium_large":false,"large":false,"1536x1536":false,"2048x2048":false,"trp-custom-language-flag":false},"uagb_author_info":{"display_name":"roomconnect_wh4c6uli","author_link":"https:\/\/roomconnect.de\/de\/author\/roomconnect_wh4c6uli\/"},"uagb_comment_info":0,"uagb_excerpt":"Konferenzraum training room Business trifft Raum Perfekte Locations Ob Konferenz, Meeting oder Training-wir bieten Ihnen passende R\u00e4ume in ganz Europa, die sich flexible an Ihre Bed\u00fcrfnisse anpassen lassen. Flexibel room concept Unsere R\u00e4ume lassen sich individuell an Ihre Veranstaltung anpassen- f\u00fcr ein professionelles Umfeld, das genau zu Ihren Zielen passt. Kapazit\u00e4t und Lage Ob kleines&hellip;","_links":{"self":[{"href":"https:\/\/roomconnect.de\/de\/wp-json\/wp\/v2\/pages\/1987","targetHints":{"allow":["GET"]}}],"collection":[{"href":"https:\/\/roomconnect.de\/de\/wp-json\/wp\/v2\/pages"}],"about":[{"href":"https:\/\/roomconnect.de\/de\/wp-json\/wp\/v2\/types\/page"}],"author":[{"embeddable":true,"href":"https:\/\/roomconnect.de\/de\/wp-json\/wp\/v2\/users\/1"}],"replies":[{"embeddable":true,"href":"https:\/\/roomconnect.de\/de\/wp-json\/wp\/v2\/comments?post=1987"}],"version-history":[{"count":108,"href":"https:\/\/roomconnect.de\/de\/wp-json\/wp\/v2\/pages\/1987\/revisions"}],"predecessor-version":[{"id":12829,"href":"https:\/\/roomconnect.de\/de\/wp-json\/wp\/v2\/pages\/1987\/revisions\/12829"}],"wp:attachment":[{"href":"https:\/\/roomconnect.de\/de\/wp-json\/wp\/v2\/media?parent=1987"}],"curies":[{"name":"wp","href":"https:\/\/api.w.org\/{rel}","templated":true}]}}